{"id":26228,"date":"2023-11-02T19:56:03","date_gmt":"2023-11-02T16:56:03","guid":{"rendered":"https:\/\/aquaatm.com.tr\/?page_id=26228"},"modified":"2023-11-08T13:24:39","modified_gmt":"2023-11-08T10:24:39","slug":"yilmazmarket","status":"publish","type":"page","link":"https:\/\/aquaatm.com.tr\/en\/yilmazmarket\/","title":{"rendered":"Y\u0131lmaz Market"},"content":{"rendered":"<div data-elementor-type=\"wp-page\" data-elementor-id=\"26228\" class=\"elementor elementor-26228\" data-elementor-post-type=\"page\">\n\t\t\t\t\t\t<div class=\"elementor-inner\">\n\t\t\t\t<div class=\"elementor-section-wrap\">\n\t\t\t\t\t\t\t\t\t<div class=\"elementor-section elementor-top-section elementor-element elementor-element-3121f2f elementor-section-stretched elementor-section-boxed elementor-section-height-default elementor-section-height-default\" data-id=\"3121f2f\" data-element_type=\"section\" id=\"teknik-ozellikler\" data-settings=\"{&quot;stretch_section&quot;:&quot;section-stretched&quot;}\">\n\t\t\t\t\t\t<div class=\"elementor-container elementor-column-gap-no\">\n\t\t\t\t\t\t\t<div class=\"elementor-row\">\n\t\t\t\t\t<div class=\"elementor-column elementor-col-100 elementor-top-column elementor-element elementor-element-ca1a133\" data-id=\"ca1a133\" data-element_type=\"column\">\n\t\t\t<div class=\"elementor-column-wrap elementor-element-populated\">\n\t\t\t\t\t\t\t<div class=\"elementor-widget-wrap\">\n\t\t\t\t\t\t<div class=\"elementor-element elementor-element-6ad28b2 elementor-widget elementor-widget-heading\" data-id=\"6ad28b2\" data-element_type=\"widget\" data-widget_type=\"heading.default\">\n\t\t\t\t<div class=\"elementor-widget-container\">\n\t\t\t<style>\/*! elementor - v3.16.0 - 20-09-2023 *\/\n.elementor-heading-title{padding:0;margin:0;line-height:1}.elementor-widget-heading .elementor-heading-title[class*=elementor-size-]>a{color:inherit;font-size:inherit;line-height:inherit}.elementor-widget-heading .elementor-heading-title.elementor-size-small{font-size:15px}.elementor-widget-heading .elementor-heading-title.elementor-size-medium{font-size:19px}.elementor-widget-heading .elementor-heading-title.elementor-size-large{font-size:29px}.elementor-widget-heading .elementor-heading-title.elementor-size-xl{font-size:39px}.elementor-widget-heading .elementor-heading-title.elementor-size-xxl{font-size:59px}<\/style><h2 class=\"elementor-heading-title elementor-size-default\">Company Info<\/h2>\t\t<\/div>\n\t\t\t\t<\/div>\n\t\t\t\t<div class=\"elementor-section elementor-inner-section elementor-element elementor-element-75010ba elementor-section-boxed elementor-section-height-default elementor-section-height-default\" data-id=\"75010ba\" data-element_type=\"section\">\n\t\t\t\t\t\t<div class=\"elementor-container elementor-column-gap-no\">\n\t\t\t\t\t\t\t<div class=\"elementor-row\">\n\t\t\t\t\t<div class=\"elementor-column elementor-col-50 elementor-inner-column elementor-element elementor-element-c7efa5b\" data-id=\"c7efa5b\" data-element_type=\"column\">\n\t\t\t<div class=\"elementor-column-wrap elementor-element-populated\">\n\t\t\t\t\t\t\t<div class=\"elementor-widget-wrap\">\n\t\t\t\t\t\t<div class=\"elementor-element elementor-element-6b5b3db elementor-widget elementor-widget-image\" data-id=\"6b5b3db\" data-element_type=\"widget\" data-widget_type=\"image.default\">\n\t\t\t\t<div class=\"elementor-widget-container\">\n\t\t\t<style>\/*! elementor - v3.16.0 - 20-09-2023 *\/\n.elementor-widget-image{text-align:center}.elementor-widget-image a{display:inline-block}.elementor-widget-image a img[src$=\".svg\"]{width:48px}.elementor-widget-image img{vertical-align:middle;display:inline-block}<\/style>\t\t\t\t\t<div class=\"elementor-image\">\n\t\t\t\t\t\t\t\t\t\t\t\t<img decoding=\"async\" width=\"1000\" height=\"1463\" src=\"https:\/\/aquaatm.com.tr\/wp-content\/uploads\/2023\/10\/5-min.png\" class=\"attachment-full size-full wp-image-26026\" alt=\"\" srcset=\"https:\/\/aquaatm.com.tr\/wp-content\/uploads\/2023\/10\/5-min.png 1000w, https:\/\/aquaatm.com.tr\/wp-content\/uploads\/2023\/10\/5-min-205x300.png 205w, https:\/\/aquaatm.com.tr\/wp-content\/uploads\/2023\/10\/5-min-700x1024.png 700w, https:\/\/aquaatm.com.tr\/wp-content\/uploads\/2023\/10\/5-min-768x1124.png 768w\" sizes=\"(max-width: 1000px) 100vw, 1000px\" \/>\t\t\t\t\t\t\t\t\t\t\t\t\t\t<\/div>\n\t\t\t\t\t\t<\/div>\n\t\t\t\t<\/div>\n\t\t\t\t\t\t<\/div>\n\t\t\t\t\t<\/div>\n\t\t<\/div>\n\t\t\t\t<div class=\"elementor-column elementor-col-50 elementor-inner-column elementor-element elementor-element-3349993\" data-id=\"3349993\" data-element_type=\"column\">\n\t\t\t<div class=\"elementor-column-wrap elementor-element-populated\">\n\t\t\t\t\t\t\t<div class=\"elementor-widget-wrap\">\n\t\t\t\t\t\t<div class=\"elementor-element elementor-element-02acc43 elementor-widget elementor-widget-smartic-infomation-table\" data-id=\"02acc43\" data-element_type=\"widget\" data-widget_type=\"smartic-infomation-table.default\">\n\t\t\t\t<div class=\"elementor-widget-container\">\n\t\t\t        <div class=\"smartic-infomation-table-wrapper scrollbar-external_wrapper\">\n            <div class=\"scrollbar-external\">\n                <table>\n                    <tbody>\n                                            <tr>\n                            <th>Company Name<\/th><td><span class=\"title-mobile\">Company Name<\/span><p>Y\u0131lmazmarket<\/p><\/td>                        <\/tr>\n                                            <tr>\n                            <th>Address<\/th><td><span class=\"title-mobile\">Address<\/span><p>1566 sok.no 34\/a Bornova Izmir<\/p><\/td>                        <\/tr>\n                                            <tr>\n                            <th>Telephone<\/th><td><span class=\"title-mobile\">Telephone<\/span><p>xxxx<\/p><\/td>                        <\/tr>\n                                        <\/tbody>\n                <\/table>\n            <\/div>\n                        <div class=\"external-scroll_y\">\n                <div class=\"scroll-element_outer\">\n                    <div class=\"scroll-element_size\"><\/div>\n                    <div class=\"scroll-element_track\"><\/div>\n                    <div class=\"scroll-bar\"><\/div>\n                <\/div>\n            <\/div>\n        <\/div>\n        \t\t<\/div>\n\t\t\t\t<\/div>\n\t\t\t\t\t\t<\/div>\n\t\t\t\t\t<\/div>\n\t\t<\/div>\n\t\t\t\t\t\t\t\t<\/div>\n\t\t\t\t\t<\/div>\n\t\t<\/div>\n\t\t\t\t\t\t<\/div>\n\t\t\t\t\t<\/div>\n\t\t<\/div>\n\t\t\t\t\t\t\t\t<\/div>\n\t\t\t\t\t<\/div>\n\t\t<\/div>\n\t\t\t\t\t\t\t\t\t<\/div>\n\t\t\t<\/div>\n\t\t\t\t\t<\/div>","protected":false},"excerpt":{"rendered":"<p>Firma Bilgileri Firma Ad\u0131 Firma Ad\u0131 Y\u0131lmazmarket Adres Adres 1566 sok.no 34\/a Bornova\u00a0\u0130zmir Telefon Telefon xxxx<\/p>","protected":false},"author":1,"featured_media":0,"parent":0,"menu_order":0,"comment_status":"closed","ping_status":"closed","template":"template-homepage.php","meta":{"inline_featured_image":false,"_joinchat":[],"footnotes":""},"class_list":["post-26228","page","type-page","status-publish","hentry"],"_links":{"self":[{"href":"https:\/\/aquaatm.com.tr\/en\/wp-json\/wp\/v2\/pages\/26228","targetHints":{"allow":["GET"]}}],"collection":[{"href":"https:\/\/aquaatm.com.tr\/en\/wp-json\/wp\/v2\/pages"}],"about":[{"href":"https:\/\/aquaatm.com.tr\/en\/wp-json\/wp\/v2\/types\/page"}],"author":[{"embeddable":true,"href":"https:\/\/aquaatm.com.tr\/en\/wp-json\/wp\/v2\/users\/1"}],"replies":[{"embeddable":true,"href":"https:\/\/aquaatm.com.tr\/en\/wp-json\/wp\/v2\/comments?post=26228"}],"version-history":[{"count":8,"href":"https:\/\/aquaatm.com.tr\/en\/wp-json\/wp\/v2\/pages\/26228\/revisions"}],"predecessor-version":[{"id":26236,"href":"https:\/\/aquaatm.com.tr\/en\/wp-json\/wp\/v2\/pages\/26228\/revisions\/26236"}],"wp:attachment":[{"href":"https:\/\/aquaatm.com.tr\/en\/wp-json\/wp\/v2\/media?parent=26228"}],"curies":[{"name":"wp","href":"https:\/\/api.w.org\/{rel}","templated":true}]}}