{"id":26297,"date":"2024-02-02T11:13:43","date_gmt":"2024-02-02T08:13:43","guid":{"rendered":"https:\/\/aquaatm.com.tr\/?page_id=26297"},"modified":"2024-08-01T15:05:11","modified_gmt":"2024-08-01T12:05:11","slug":"hakkimizda","status":"publish","type":"page","link":"https:\/\/aquaatm.com.tr\/en\/hakkimizda\/","title":{"rendered":"Hakk\u0131m\u0131zda"},"content":{"rendered":"<div data-elementor-type=\"wp-page\" data-elementor-id=\"26297\" class=\"elementor elementor-26297\" data-elementor-post-type=\"page\">\n\t\t\t\t\t\t<div class=\"elementor-inner\">\n\t\t\t\t<div class=\"elementor-section-wrap\">\n\t\t\t\t\t\t\t<div class=\"elementor-element elementor-element-7cce0cc e-flex e-con-boxed e-con e-parent\" data-id=\"7cce0cc\" data-element_type=\"container\" data-settings=\"{&quot;content_width&quot;:&quot;boxed&quot;}\" data-core-v316-plus=\"true\">\n\t\t\t\t\t<div class=\"e-con-inner\">\n\t\t\t\t<div class=\"elementor-element elementor-element-3796f0e elementor-widget elementor-widget-heading\" data-id=\"3796f0e\" data-element_type=\"widget\" data-widget_type=\"heading.default\">\n\t\t\t\t<div class=\"elementor-widget-container\">\n\t\t\t<style>\/*! elementor - v3.16.0 - 20-09-2023 *\/\n.elementor-heading-title{padding:0;margin:0;line-height:1}.elementor-widget-heading .elementor-heading-title[class*=elementor-size-]>a{color:inherit;font-size:inherit;line-height:inherit}.elementor-widget-heading .elementor-heading-title.elementor-size-small{font-size:15px}.elementor-widget-heading .elementor-heading-title.elementor-size-medium{font-size:19px}.elementor-widget-heading .elementor-heading-title.elementor-size-large{font-size:29px}.elementor-widget-heading .elementor-heading-title.elementor-size-xl{font-size:39px}.elementor-widget-heading .elementor-heading-title.elementor-size-xxl{font-size:59px}<\/style><h1 class=\"elementor-heading-title elementor-size-default\"><b>HAKKIMIZDA<\/b><\/h1>\t\t<\/div>\n\t\t\t\t<\/div>\n\t\t\t\t\t<\/div>\n\t\t\t\t<\/div>\n\t\t<div class=\"elementor-element elementor-element-1ac4282 e-flex e-con-boxed e-con e-parent\" data-id=\"1ac4282\" data-element_type=\"container\" data-settings=\"{&quot;content_width&quot;:&quot;boxed&quot;}\" data-core-v316-plus=\"true\">\n\t\t\t\t\t<div class=\"e-con-inner\">\n\t\t<div class=\"elementor-element elementor-element-fd5b3d4 e-con-full e-flex e-con e-child\" data-id=\"fd5b3d4\" data-element_type=\"container\" data-settings=\"{&quot;content_width&quot;:&quot;full&quot;,&quot;background_background&quot;:&quot;gradient&quot;}\">\n\t\t\t\t<div class=\"elementor-element elementor-element-4b93b58 elementor-widget elementor-widget-video\" data-id=\"4b93b58\" data-element_type=\"widget\" data-settings=\"{&quot;video_type&quot;:&quot;hosted&quot;,&quot;autoplay&quot;:&quot;yes&quot;,&quot;mute&quot;:&quot;yes&quot;}\" data-widget_type=\"video.default\">\n\t\t\t\t<div class=\"elementor-widget-container\">\n\t\t\t<style>\/*! elementor - v3.16.0 - 20-09-2023 *\/\n.elementor-widget-video .elementor-widget-container{overflow:hidden;transform:translateZ(0)}.elementor-widget-video .elementor-wrapper{aspect-ratio:var(--video-aspect-ratio)}.elementor-widget-video .elementor-wrapper iframe,.elementor-widget-video .elementor-wrapper video{height:100%;width:100%;display:flex;border:none;background-color:#000}@supports not (aspect-ratio:1\/1){.elementor-widget-video .elementor-wrapper{position:relative;overflow:hidden;height:0;padding-bottom:calc(100% \/ var(--video-aspect-ratio))}.elementor-widget-video .elementor-wrapper iframe,.elementor-widget-video .elementor-wrapper video{position:absolute;top:0;right:0;bottom:0;left:0}}.elementor-widget-video .elementor-open-inline .elementor-custom-embed-image-overlay{position:absolute;top:0;right:0;bottom:0;left:0;background-size:cover;background-position:50%}.elementor-widget-video .elementor-custom-embed-image-overlay{cursor:pointer;text-align:center}.elementor-widget-video .elementor-custom-embed-image-overlay:hover .elementor-custom-embed-play i{opacity:1}.elementor-widget-video .elementor-custom-embed-image-overlay img{display:block;width:100%;aspect-ratio:var(--video-aspect-ratio);-o-object-fit:cover;object-fit:cover;-o-object-position:center center;object-position:center center}@supports not (aspect-ratio:1\/1){.elementor-widget-video .elementor-custom-embed-image-overlay{position:relative;overflow:hidden;height:0;padding-bottom:calc(100% \/ var(--video-aspect-ratio))}.elementor-widget-video .elementor-custom-embed-image-overlay img{position:absolute;top:0;right:0;bottom:0;left:0}}.elementor-widget-video .e-hosted-video .elementor-video{-o-object-fit:cover;object-fit:cover}.e-con-inner>.elementor-widget-video,.e-con>.elementor-widget-video{width:var(--container-widget-width);--flex-grow:var(--container-widget-flex-grow)}<\/style>\t\t<div class=\"e-hosted-video elementor-wrapper elementor-open-inline\">\n\t\t\t\t\t<video class=\"elementor-video\" src=\"http:\/\/aquaatm.com.tr\/wp-content\/uploads\/2024\/02\/fabrika.mp4\" autoplay=\"\" muted=\"muted\" controlslist=\"nodownload\"><\/video>\n\t\t\t\t<\/div>\n\t\t\t\t<\/div>\n\t\t\t\t<\/div>\n\t\t\t\t<\/div>\n\t\t\t\t\t<\/div>\n\t\t\t\t<\/div>\n\t\t<div class=\"elementor-element elementor-element-76afd7f e-flex e-con-boxed e-con e-parent\" data-id=\"76afd7f\" data-element_type=\"container\" data-settings=\"{&quot;content_width&quot;:&quot;boxed&quot;}\" data-core-v316-plus=\"true\">\n\t\t\t\t\t<div class=\"e-con-inner\">\n\t\t\t\t<div class=\"elementor-element elementor-element-9020546 elementor-widget__width-initial elementor-widget elementor-widget-text-editor\" data-id=\"9020546\" data-element_type=\"widget\" data-widget_type=\"text-editor.default\">\n\t\t\t\t<div class=\"elementor-widget-container\">\n\t\t\t<style>\/*! elementor - v3.16.0 - 20-09-2023 *\/\n.elementor-widget-text-editor.elementor-drop-cap-view-stacked .elementor-drop-cap{background-color:#69727d;color:#fff}.elementor-widget-text-editor.elementor-drop-cap-view-framed .elementor-drop-cap{color:#69727d;border:3px solid;background-color:transparent}.elementor-widget-text-editor:not(.elementor-drop-cap-view-default) .elementor-drop-cap{margin-top:8px}.elementor-widget-text-editor:not(.elementor-drop-cap-view-default) .elementor-drop-cap-letter{width:1em;height:1em}.elementor-widget-text-editor .elementor-drop-cap{float:left;text-align:center;line-height:1;font-size:50px}.elementor-widget-text-editor .elementor-drop-cap-letter{display:inline-block}<\/style>\t\t\t\t\t<div class=\"elementor-text-editor elementor-clearfix\">\n\t\t\t\t<p class=\"cvGsUA direction-ltr align-start para-style-body\" style=\"text-align: center;\"><strong><span class=\"OYPEnA font-feature-liga-off font-feature-clig-off font-feature-calt-off text-decoration-none text-strikethrough-none\">Firmam\u0131z 2001\u2019den beri su ar\u0131tma cihazlar\u0131 (evsel ve end\u00fcstriyel) \u00fcretim ayn\u0131 zamanda sat\u0131\u015f alan\u0131nda faaliyet g\u00f6stermektedir.<\/span><\/strong><\/p><p class=\"cvGsUA direction-ltr align-start para-style-body\" style=\"text-align: center;\"><strong><span class=\"OYPEnA font-feature-liga-off font-feature-clig-off font-feature-calt-off text-decoration-none text-strikethrough-none\">T\u00fcrkiye pazar\u0131nda Touch Blue, Blue Touch, Herbalife, Welder, TM tank gibi markalar\u0131n \u00f6zel \u00fcretimi ve sat\u0131\u015f\u0131n\u0131 ger\u00e7ekle\u015ftiren ayn\u0131 zamanda 14 \u00fclkeye ihracat yapan bir firmay\u0131z.<\/span><\/strong><\/p>\t\t\t\t\t<\/div>\n\t\t\t\t\t\t<\/div>\n\t\t\t\t<\/div>\n\t\t\t\t\t<\/div>\n\t\t\t\t<\/div>\n\t\t<div class=\"elementor-element elementor-element-5edb3d7 e-con-full e-flex e-con e-parent\" data-id=\"5edb3d7\" data-element_type=\"container\" data-settings=\"{&quot;content_width&quot;:&quot;full&quot;}\" data-core-v316-plus=\"true\">\n\t\t\t\t<div class=\"elementor-element elementor-element-3cfa602 elementor-widget__width-initial elementor-widget elementor-widget-text-editor\" data-id=\"3cfa602\" data-element_type=\"widget\" data-widget_type=\"text-editor.default\">\n\t\t\t\t<div class=\"elementor-widget-container\">\n\t\t\t\t\t\t\t\t<div class=\"elementor-text-editor elementor-clearfix\">\n\t\t\t\t<p style=\"color: #2478be; text-align: center;\"><span style=\"font-weight: bold;\">AMACIMIZ<\/span><\/p><p class=\"cvGsUA direction-ltr align-start para-style-body\"><span class=\"OYPEnA font-feature-liga-off font-feature-clig-off font-feature-calt-off text-decoration-none text-strikethrough-none\">\u00a0 Aqua ATM\u2019nin \u00e7\u0131k\u0131\u015f amac\u0131 tamamen halk\u0131m\u0131z\u0131n ekonomik, sa\u011fl\u0131kl\u0131 ve C vitaminli suya kolay eri\u015fimini sa\u011flamakt\u0131r.<\/span><\/p><p class=\"cvGsUA direction-ltr align-start para-style-body\"><span class=\"OYPEnA font-feature-liga-off font-feature-clig-off font-feature-calt-off text-decoration-none text-strikethrough-none\">\u00a0 Halk\u0131m\u0131z sa\u011fl\u0131kl\u0131 suya kavu\u015furken cihaz sahibi olan ki\u015filere de pasif gelir sa\u011flamakt\u0131r.<\/span><\/p>\t\t\t\t\t<\/div>\n\t\t\t\t\t\t<\/div>\n\t\t\t\t<\/div>\n\t\t\t\t<\/div>\n\t\t<div class=\"elementor-element elementor-element-dcd5a76 e-con-full e-flex e-con e-parent\" data-id=\"dcd5a76\" data-element_type=\"container\" data-settings=\"{&quot;content_width&quot;:&quot;full&quot;}\" data-core-v316-plus=\"true\">\n\t\t\t\t<div class=\"elementor-element elementor-element-2c948f5 elementor-widget__width-initial elementor-widget elementor-widget-text-editor\" data-id=\"2c948f5\" data-element_type=\"widget\" data-widget_type=\"text-editor.default\">\n\t\t\t\t<div class=\"elementor-widget-container\">\n\t\t\t\t\t\t\t\t<div class=\"elementor-text-editor elementor-clearfix\">\n\t\t\t\t<p style=\"color: #2478be; text-align: center;\"><span style=\"font-weight: bold;\">HEDEF\u0130M\u0130Z<\/span><\/p><p class=\"cvGsUA direction-ltr align-start para-style-body\"><span class=\"OYPEnA font-feature-liga-off font-feature-clig-off font-feature-calt-off text-decoration-none text-strikethrough-none\">\u00a0 Her mahallede bir AQUA ATM konumland\u0131rarak kolay eri\u015fim sa\u011flayabilmektir.<\/span><\/p><p class=\"cvGsUA direction-ltr align-start para-style-body\"><span class=\"OYPEnA font-feature-liga-off font-feature-clig-off font-feature-calt-off text-decoration-none text-strikethrough-none\">\u00a0 Sa\u011fl\u0131kl\u0131 ve vitamin de\u011feri sayesinde g\u00fcnl\u00fck ya\u015fama enerji katk\u0131s\u0131 sa\u011flayabilmektir.<\/span><\/p>\t\t\t\t\t<\/div>\n\t\t\t\t\t\t<\/div>\n\t\t\t\t<\/div>\n\t\t\t\t<\/div>\n\t\t<div class=\"elementor-element elementor-element-6caa5ca e-flex e-con-boxed elementor-invisible e-con e-parent\" data-id=\"6caa5ca\" data-element_type=\"container\" data-settings=\"{&quot;animation&quot;:&quot;fadeInUp&quot;,&quot;content_width&quot;:&quot;boxed&quot;}\" data-core-v316-plus=\"true\">\n\t\t\t\t\t<div class=\"e-con-inner\">\n\t\t\t\t<div class=\"elementor-element elementor-element-f3de046 elementor-widget elementor-widget-heading\" data-id=\"f3de046\" data-element_type=\"widget\" data-widget_type=\"heading.default\">\n\t\t\t\t<div class=\"elementor-widget-container\">\n\t\t\t<h5 class=\"elementor-heading-title elementor-size-default\"><b>Aqua ATM ile eski zamanlardaki mahalle \u00e7e\u015fmesi k\u00fclt\u00fcr\u00fcn\u00fc geri getirmeyi, ayr\u0131ca T\u00fcrkiye\u2019nin 7 b\u00f6lgesinde i\u015finin ehli olan distrib\u00fct\u00f6rler ve 81 ilinde g\u00fc\u00e7l\u00fc bayiler edinmeyi hedefliyoruz.<\/b><\/h5>\t\t<\/div>\n\t\t\t\t<\/div>\n\t\t\t\t\t<\/div>\n\t\t\t\t<\/div>\n\t\t<div class=\"elementor-element elementor-element-04c01d3 e-flex e-con-boxed e-con e-parent\" data-id=\"04c01d3\" data-element_type=\"container\" data-settings=\"{&quot;content_width&quot;:&quot;boxed&quot;}\" data-core-v316-plus=\"true\">\n\t\t\t\t\t<div class=\"e-con-inner\">\n\t\t<div class=\"elementor-element elementor-element-c1d3d08 e-con-full e-flex e-con e-child\" data-id=\"c1d3d08\" data-element_type=\"container\" data-settings=\"{&quot;content_width&quot;:&quot;full&quot;}\">\n\t\t\t\t<div class=\"elementor-element elementor-element-acae6a1 elementor-widget elementor-widget-video\" data-id=\"acae6a1\" data-element_type=\"widget\" data-settings=\"{&quot;video_type&quot;:&quot;hosted&quot;,&quot;autoplay&quot;:&quot;yes&quot;,&quot;mute&quot;:&quot;yes&quot;,&quot;loop&quot;:&quot;yes&quot;}\" data-widget_type=\"video.default\">\n\t\t\t\t<div class=\"elementor-widget-container\">\n\t\t\t\t\t<div class=\"e-hosted-video elementor-wrapper elementor-open-inline\">\n\t\t\t\t\t<video class=\"elementor-video\" src=\"http:\/\/aquaatm.com.tr\/wp-content\/uploads\/2024\/02\/UTF-8C39CRETC4B0M.mp4\" autoplay=\"\" loop=\"\" muted=\"muted\" controlslist=\"nodownload\"><\/video>\n\t\t\t\t<\/div>\n\t\t\t\t<\/div>\n\t\t\t\t<\/div>\n\t\t\t\t<\/div>\n\t\t<div class=\"elementor-element elementor-element-f3d7c26 e-con-full e-flex e-con e-child\" data-id=\"f3d7c26\" data-element_type=\"container\" data-settings=\"{&quot;content_width&quot;:&quot;full&quot;}\">\n\t\t\t\t<div class=\"elementor-element elementor-element-f8d7ff4 elementor-widget elementor-widget-image\" data-id=\"f8d7ff4\" data-element_type=\"widget\" data-widget_type=\"image.default\">\n\t\t\t\t<div class=\"elementor-widget-container\">\n\t\t\t<style>\/*! elementor - v3.16.0 - 20-09-2023 *\/\n.elementor-widget-image{text-align:center}.elementor-widget-image a{display:inline-block}.elementor-widget-image a img[src$=\".svg\"]{width:48px}.elementor-widget-image img{vertical-align:middle;display:inline-block}<\/style>\t\t\t\t\t<div class=\"elementor-image\">\n\t\t\t\t\t\t\t\t\t\t\t\t<img decoding=\"async\" width=\"980\" height=\"735\" src=\"https:\/\/aquaatm.com.tr\/wp-content\/uploads\/2024\/02\/UTF-8C39CRETC4B0-1024x768.jpg\" class=\"attachment-large size-large wp-image-26291\" alt=\"\" srcset=\"https:\/\/aquaatm.com.tr\/wp-content\/uploads\/2024\/02\/UTF-8C39CRETC4B0-1024x768.jpg 1024w, https:\/\/aquaatm.com.tr\/wp-content\/uploads\/2024\/02\/UTF-8C39CRETC4B0-300x225.jpg 300w, https:\/\/aquaatm.com.tr\/wp-content\/uploads\/2024\/02\/UTF-8C39CRETC4B0-768x576.jpg 768w, https:\/\/aquaatm.com.tr\/wp-content\/uploads\/2024\/02\/UTF-8C39CRETC4B0-1536x1152.jpg 1536w, https:\/\/aquaatm.com.tr\/wp-content\/uploads\/2024\/02\/UTF-8C39CRETC4B0-16x12.jpg 16w, https:\/\/aquaatm.com.tr\/wp-content\/uploads\/2024\/02\/UTF-8C39CRETC4B0.jpg 1600w\" sizes=\"(max-width: 980px) 100vw, 980px\" \/>\t\t\t\t\t\t\t\t\t\t\t\t\t\t<\/div>\n\t\t\t\t\t\t<\/div>\n\t\t\t\t<\/div>\n\t\t\t\t<\/div>\n\t\t<div class=\"elementor-element elementor-element-2b477e3 e-con-full e-flex e-con e-child\" data-id=\"2b477e3\" data-element_type=\"container\" data-settings=\"{&quot;content_width&quot;:&quot;full&quot;}\">\n\t\t\t\t<div class=\"elementor-element elementor-element-599241c elementor-widget elementor-widget-video\" data-id=\"599241c\" data-element_type=\"widget\" data-settings=\"{&quot;video_type&quot;:&quot;hosted&quot;,&quot;autoplay&quot;:&quot;yes&quot;,&quot;mute&quot;:&quot;yes&quot;,&quot;loop&quot;:&quot;yes&quot;}\" data-widget_type=\"video.default\">\n\t\t\t\t<div class=\"elementor-widget-container\">\n\t\t\t\t\t<div class=\"e-hosted-video elementor-wrapper elementor-open-inline\">\n\t\t\t\t\t<video class=\"elementor-video\" src=\"http:\/\/aquaatm.com.tr\/wp-content\/uploads\/2024\/02\/UTF-8C39CRETC4B0M22.mp4\" autoplay=\"\" loop=\"\" muted=\"muted\" controlslist=\"nodownload\"><\/video>\n\t\t\t\t<\/div>\n\t\t\t\t<\/div>\n\t\t\t\t<\/div>\n\t\t\t\t<\/div>\n\t\t\t\t\t<\/div>\n\t\t\t\t<\/div>\n\t\t\t\t\t\t\t\t\t<\/div>\n\t\t\t<\/div>\n\t\t\t\t\t<\/div>","protected":false},"excerpt":{"rendered":"<p>HAKKIMIZDA http:\/\/aquaatm.com.tr\/wp-content\/uploads\/2024\/02\/fabrika.mp4 Firmam\u0131z 2001\u2019den beri su ar\u0131tma cihazlar\u0131 (evsel ve end\u00fcstriyel) \u00fcretim ayn\u0131 zamanda sat\u0131\u015f alan\u0131nda faaliyet g\u00f6stermektedir. T\u00fcrkiye pazar\u0131nda Touch Blue, Blue Touch, Herbalife, Welder, TM tank gibi markalar\u0131n \u00f6zel \u00fcretimi ve sat\u0131\u015f\u0131n\u0131 ger\u00e7ekle\u015ftiren ayn\u0131 zamanda 14 \u00fclkeye ihracat yapan bir firmay\u0131z. AMACIMIZ \u00a0 Aqua ATM\u2019nin \u00e7\u0131k\u0131\u015f amac\u0131 tamamen halk\u0131m\u0131z\u0131n ekonomik, sa\u011fl\u0131kl\u0131 ve C [&hellip;]<\/p>","protected":false},"author":1,"featured_media":0,"parent":0,"menu_order":0,"comment_status":"closed","ping_status":"closed","template":"elementor_header_footer","meta":{"inline_featured_image":false,"_joinchat":[],"footnotes":""},"class_list":["post-26297","page","type-page","status-publish","hentry"],"_links":{"self":[{"href":"https:\/\/aquaatm.com.tr\/en\/wp-json\/wp\/v2\/pages\/26297","targetHints":{"allow":["GET"]}}],"collection":[{"href":"https:\/\/aquaatm.com.tr\/en\/wp-json\/wp\/v2\/pages"}],"about":[{"href":"https:\/\/aquaatm.com.tr\/en\/wp-json\/wp\/v2\/types\/page"}],"author":[{"embeddable":true,"href":"https:\/\/aquaatm.com.tr\/en\/wp-json\/wp\/v2\/users\/1"}],"replies":[{"embeddable":true,"href":"https:\/\/aquaatm.com.tr\/en\/wp-json\/wp\/v2\/comments?post=26297"}],"version-history":[{"count":8,"href":"https:\/\/aquaatm.com.tr\/en\/wp-json\/wp\/v2\/pages\/26297\/revisions"}],"predecessor-version":[{"id":26763,"href":"https:\/\/aquaatm.com.tr\/en\/wp-json\/wp\/v2\/pages\/26297\/revisions\/26763"}],"wp:attachment":[{"href":"https:\/\/aquaatm.com.tr\/en\/wp-json\/wp\/v2\/media?parent=26297"}],"curies":[{"name":"wp","href":"https:\/\/api.w.org\/{rel}","templated":true}]}}