{"id":26312,"date":"2024-02-02T11:30:05","date_gmt":"2024-02-02T08:30:05","guid":{"rendered":"https:\/\/aquaatm.com.tr\/?page_id=26312"},"modified":"2024-08-01T15:33:15","modified_gmt":"2024-08-01T12:33:15","slug":"sertifikalar","status":"publish","type":"page","link":"https:\/\/aquaatm.com.tr\/en\/sertifikalar\/","title":{"rendered":"Sertifikalar"},"content":{"rendered":"<div data-elementor-type=\"wp-page\" data-elementor-id=\"26312\" class=\"elementor elementor-26312\" data-elementor-post-type=\"page\">\n\t\t\t\t\t\t<div class=\"elementor-inner\">\n\t\t\t\t<div class=\"elementor-section-wrap\">\n\t\t\t\t\t\t\t<div class=\"elementor-element elementor-element-7cce0cc e-flex e-con-boxed e-con e-parent\" data-id=\"7cce0cc\" data-element_type=\"container\" data-settings=\"{&quot;content_width&quot;:&quot;boxed&quot;}\" data-core-v316-plus=\"true\">\n\t\t\t\t\t<div class=\"e-con-inner\">\n\t\t\t\t<div class=\"elementor-element elementor-element-3796f0e elementor-widget elementor-widget-heading\" data-id=\"3796f0e\" data-element_type=\"widget\" data-widget_type=\"heading.default\">\n\t\t\t\t<div class=\"elementor-widget-container\">\n\t\t\t<style>\/*! elementor - v3.16.0 - 20-09-2023 *\/\n.elementor-heading-title{padding:0;margin:0;line-height:1}.elementor-widget-heading .elementor-heading-title[class*=elementor-size-]>a{color:inherit;font-size:inherit;line-height:inherit}.elementor-widget-heading .elementor-heading-title.elementor-size-small{font-size:15px}.elementor-widget-heading .elementor-heading-title.elementor-size-medium{font-size:19px}.elementor-widget-heading .elementor-heading-title.elementor-size-large{font-size:29px}.elementor-widget-heading .elementor-heading-title.elementor-size-xl{font-size:39px}.elementor-widget-heading .elementor-heading-title.elementor-size-xxl{font-size:59px}<\/style><h1 class=\"elementor-heading-title elementor-size-default\"><b>Sertifikalar\u0131m\u0131z &amp; \u0130zin Belgelerimiz<\/b><\/h1>\t\t<\/div>\n\t\t\t\t<\/div>\n\t\t\t\t\t<\/div>\n\t\t\t\t<\/div>\n\t\t<div class=\"elementor-element elementor-element-38e1d6e e-flex e-con-boxed e-con e-parent\" data-id=\"38e1d6e\" data-element_type=\"container\" data-settings=\"{&quot;content_width&quot;:&quot;boxed&quot;}\" data-core-v316-plus=\"true\">\n\t\t\t\t\t<div class=\"e-con-inner\">\n\t\t\t\t\t<\/div>\n\t\t\t\t<\/div>\n\t\t<div class=\"elementor-element elementor-element-6b9e7b4 e-flex e-con-boxed e-con e-parent\" data-id=\"6b9e7b4\" data-element_type=\"container\" data-settings=\"{&quot;content_width&quot;:&quot;boxed&quot;}\" data-core-v316-plus=\"true\">\n\t\t\t\t\t<div class=\"e-con-inner\">\n\t\t\t\t<div class=\"elementor-element elementor-element-f870fb2 elementor-widget elementor-widget-gallery\" data-id=\"f870fb2\" data-element_type=\"widget\" data-settings=\"{&quot;gallery_layout&quot;:&quot;masonry&quot;,&quot;columns&quot;:3,&quot;gap&quot;:{&quot;unit&quot;:&quot;px&quot;,&quot;size&quot;:44,&quot;sizes&quot;:[]},&quot;lazyload&quot;:&quot;yes&quot;,&quot;columns_tablet&quot;:2,&quot;columns_mobile&quot;:1,&quot;gap_tablet&quot;:{&quot;unit&quot;:&quot;px&quot;,&quot;size&quot;:10,&quot;sizes&quot;:[]},&quot;gap_mobile&quot;:{&quot;unit&quot;:&quot;px&quot;,&quot;size&quot;:10,&quot;sizes&quot;:[]},&quot;link_to&quot;:&quot;file&quot;,&quot;overlay_background&quot;:&quot;yes&quot;,&quot;content_hover_animation&quot;:&quot;fade-in&quot;}\" data-widget_type=\"gallery.default\">\n\t\t\t\t<div class=\"elementor-widget-container\">\n\t\t\t<style>\/*! elementor-pro - v3.16.0 - 20-09-2023 *\/\n.elementor-gallery__container{min-height:1px}.elementor-gallery-item{position:relative;overflow:hidden;display:block;text-decoration:none;border:solid var(--image-border-width) var(--image-border-color);border-radius:var(--image-border-radius)}.elementor-gallery-item__content,.elementor-gallery-item__overlay{height:100%;width:100%;position:absolute;top:0;left:0}.elementor-gallery-item__overlay{mix-blend-mode:var(--overlay-mix-blend-mode);transition-duration:var(--overlay-transition-duration);transition-property:mix-blend-mode,transform,opacity,background-color}.elementor-gallery-item__image.e-gallery-image{transition-duration:var(--image-transition-duration);transition-property:filter,transform}.elementor-gallery-item__content{display:flex;flex-direction:column;justify-content:var(--content-justify-content,center);align-items:center;text-align:var(--content-text-align);padding:var(--content-padding)}.elementor-gallery-item__content>div{transition-duration:var(--content-transition-duration)}.elementor-gallery-item__content.elementor-gallery--sequenced-animation>div:nth-child(2){transition-delay:calc(var(--content-transition-delay) \/ 3)}.elementor-gallery-item__content.elementor-gallery--sequenced-animation>div:nth-child(3){transition-delay:calc(var(--content-transition-delay) \/ 3 * 2)}.elementor-gallery-item__content.elementor-gallery--sequenced-animation>div:nth-child(4){transition-delay:calc(var(--content-transition-delay) \/ 3 * 3)}.elementor-gallery-item__description{color:var(--description-text-color,#fff);width:100%}.elementor-gallery-item__title{color:var(--title-text-color,#fff);font-weight:700;width:100%}.elementor-gallery__titles-container{display:flex;flex-wrap:wrap;justify-content:var(--titles-container-justify-content,center);margin-bottom:20px}.elementor-gallery__titles-container:not(.e--pointer-framed) .elementor-item:after,.elementor-gallery__titles-container:not(.e--pointer-framed) .elementor-item:before{background-color:var(--galleries-pointer-bg-color-hover)}.elementor-gallery__titles-container:not(.e--pointer-framed) .elementor-item.elementor-item-active:after,.elementor-gallery__titles-container:not(.e--pointer-framed) .elementor-item.elementor-item-active:before{background-color:var(--galleries-pointer-bg-color-active)}.elementor-gallery__titles-container.e--pointer-framed .elementor-item:before{border-color:var(--galleries-pointer-bg-color-hover);border-width:var(--galleries-pointer-border-width)}.elementor-gallery__titles-container.e--pointer-framed .elementor-item:after{border-color:var(--galleries-pointer-bg-color-hover)}.elementor-gallery__titles-container.e--pointer-framed .elementor-item.elementor-item-active:after,.elementor-gallery__titles-container.e--pointer-framed .elementor-item.elementor-item-active:before{border-color:var(--galleries-pointer-bg-color-active)}.elementor-gallery__titles-container.e--pointer-framed.e--animation-draw .elementor-item:before{border-left-width:var(--galleries-pointer-border-width);border-bottom-width:var(--galleries-pointer-border-width);border-right-width:0;border-top-width:0}.elementor-gallery__titles-container.e--pointer-framed.e--animation-draw .elementor-item:after{border-left-width:0;border-bottom-width:0;border-right-width:var(--galleries-pointer-border-width);border-top-width:var(--galleries-pointer-border-width)}.elementor-gallery__titles-container.e--pointer-framed.e--animation-corners .elementor-item:before{border-left-width:var(--galleries-pointer-border-width);border-bottom-width:0;border-right-width:0;border-top-width:var(--galleries-pointer-border-width)}.elementor-gallery__titles-container.e--pointer-framed.e--animation-corners .elementor-item:after{border-left-width:0;border-bottom-width:var(--galleries-pointer-border-width);border-right-width:var(--galleries-pointer-border-width);border-top-width:0}.elementor-gallery__titles-container .e--pointer-double-line .elementor-item:after,.elementor-gallery__titles-container .e--pointer-double-line .elementor-item:before,.elementor-gallery__titles-container .e--pointer-overline .elementor-item:before,.elementor-gallery__titles-container .e--pointer-underline .elementor-item:after{height:var(--galleries-pointer-border-width)}.elementor-gallery-title{--space-between:10px;cursor:pointer;color:#6d7882;font-weight:500;position:relative;padding:7px 14px;transition:all .3s}.elementor-gallery-title--active{color:#495157}.elementor-gallery-title:not(:last-child){margin-right:var(--space-between)}.elementor-gallery-item__title+.elementor-gallery-item__description{margin-top:var(--description-margin-top)}.e-gallery-item.elementor-gallery-item{transition-property:all}.e-gallery-item.elementor-animated-content .elementor-animated-item--enter-from-bottom,.e-gallery-item.elementor-animated-content .elementor-animated-item--enter-from-left,.e-gallery-item.elementor-animated-content .elementor-animated-item--enter-from-right,.e-gallery-item.elementor-animated-content .elementor-animated-item--enter-from-top,.e-gallery-item:focus .elementor-gallery__item-overlay-bg,.e-gallery-item:focus .elementor-gallery__item-overlay-content,.e-gallery-item:focus .elementor-gallery__item-overlay-content__description,.e-gallery-item:focus .elementor-gallery__item-overlay-content__title,.e-gallery-item:hover .elementor-gallery__item-overlay-bg,.e-gallery-item:hover .elementor-gallery__item-overlay-content,.e-gallery-item:hover .elementor-gallery__item-overlay-content__description,.e-gallery-item:hover .elementor-gallery__item-overlay-content__title{opacity:1}a.elementor-item.elementor-gallery-title{color:var(--galleries-title-color-normal)}a.elementor-item.elementor-gallery-title.elementor-item-active,a.elementor-item.elementor-gallery-title.highlighted,a.elementor-item.elementor-gallery-title:focus,a.elementor-item.elementor-gallery-title:hover{color:var(--galleries-title-color-hover)}a.elementor-item.elementor-gallery-title.elementor-item-active{color:var(--gallery-title-color-active)}.e-con-inner>.elementor-widget-gallery,.e-con>.elementor-widget-gallery{width:var(--container-widget-width);--flex-grow:var(--container-widget-flex-grow)}<\/style>\t\t<div class=\"elementor-gallery__container\">\n\t\t\t\t\t\t\t<a class=\"e-gallery-item elementor-gallery-item elementor-animated-content\" href=\"https:\/\/aquaatm.com.tr\/wp-content\/uploads\/2024\/02\/UTF-8WhatsApp20GC3B6rsel202024-01-2720saat2014.41.03_6f924da3.jpg\" data-elementor-open-lightbox=\"yes\" data-elementor-lightbox-slideshow=\"f870fb2\" data-elementor-lightbox-title=\"UTF-8&#039;&#039;WhatsAppGrsel2024-01-27saat14.41.03_6f924da3\" data-e-action-hash=\"#elementor-action%3Aaction%3Dlightbox%26settings%3DeyJpZCI6MjYzMTQsInVybCI6Imh0dHBzOlwvXC9hcXVhYXRtLmNvbS50clwvd3AtY29udGVudFwvdXBsb2Fkc1wvMjAyNFwvMDJcL1VURi04V2hhdHNBcHAyMEdDM0I2cnNlbDIwMjAyNC0wMS0yNzIwc2FhdDIwMTQuNDEuMDNfNmY5MjRkYTMuanBnIiwic2xpZGVzaG93IjoiZjg3MGZiMiJ9\">\n\t\t\t\t\t<div class=\"e-gallery-image elementor-gallery-item__image\" data-thumbnail=\"https:\/\/aquaatm.com.tr\/wp-content\/uploads\/2024\/02\/UTF-8WhatsApp20GC3B6rsel202024-01-2720saat2014.41.03_6f924da3.jpg\" data-width=\"756\" data-height=\"1024\" aria-label=\"\" role=\"img\" ><\/div>\n\t\t\t\t\t\t\t\t\t\t\t<div class=\"elementor-gallery-item__overlay\"><\/div>\n\t\t\t\t\t\t\t\t\t\t\t\t\t\t<\/a>\n\t\t\t\t\t\t\t<a class=\"e-gallery-item elementor-gallery-item elementor-animated-content\" href=\"https:\/\/aquaatm.com.tr\/wp-content\/uploads\/2024\/04\/marka-tescik_Calisma-Yuzeyi-1.png\" data-elementor-open-lightbox=\"yes\" data-elementor-lightbox-slideshow=\"f870fb2\" data-elementor-lightbox-title=\"marka tescik_\u00c7al\u0131\u015fma Y\u00fczeyi 1\" data-e-action-hash=\"#elementor-action%3Aaction%3Dlightbox%26settings%3DeyJpZCI6MjY2MDEsInVybCI6Imh0dHBzOlwvXC9hcXVhYXRtLmNvbS50clwvd3AtY29udGVudFwvdXBsb2Fkc1wvMjAyNFwvMDRcL21hcmthLXRlc2Npa19DYWxpc21hLVl1emV5aS0xLnBuZyIsInNsaWRlc2hvdyI6ImY4NzBmYjIifQ%3D%3D\">\n\t\t\t\t\t<div class=\"e-gallery-image elementor-gallery-item__image\" data-thumbnail=\"https:\/\/aquaatm.com.tr\/wp-content\/uploads\/2024\/04\/marka-tescik_Calisma-Yuzeyi-1.png\" data-width=\"596\" data-height=\"842\" aria-label=\"\" role=\"img\" ><\/div>\n\t\t\t\t\t\t\t\t\t\t\t<div class=\"elementor-gallery-item__overlay\"><\/div>\n\t\t\t\t\t\t\t\t\t\t\t\t\t\t<\/a>\n\t\t\t\t\t\t\t<a class=\"e-gallery-item elementor-gallery-item elementor-animated-content\" href=\"https:\/\/aquaatm.com.tr\/wp-content\/uploads\/2024\/02\/UTF-8WhatsApp20GC3B6rsel202024-01-2720saat2014.41.03_ea5f62dc.jpg\" data-elementor-open-lightbox=\"yes\" data-elementor-lightbox-slideshow=\"f870fb2\" data-elementor-lightbox-title=\"UTF-8&#039;&#039;WhatsAppGrsel2024-01-27saat14.41.03_ea5f62dc\" data-e-action-hash=\"#elementor-action%3Aaction%3Dlightbox%26settings%3DeyJpZCI6MjYzMTcsInVybCI6Imh0dHBzOlwvXC9hcXVhYXRtLmNvbS50clwvd3AtY29udGVudFwvdXBsb2Fkc1wvMjAyNFwvMDJcL1VURi04V2hhdHNBcHAyMEdDM0I2cnNlbDIwMjAyNC0wMS0yNzIwc2FhdDIwMTQuNDEuMDNfZWE1ZjYyZGMuanBnIiwic2xpZGVzaG93IjoiZjg3MGZiMiJ9\">\n\t\t\t\t\t<div class=\"e-gallery-image elementor-gallery-item__image\" data-thumbnail=\"https:\/\/aquaatm.com.tr\/wp-content\/uploads\/2024\/02\/UTF-8WhatsApp20GC3B6rsel202024-01-2720saat2014.41.03_ea5f62dc.jpg\" data-width=\"765\" data-height=\"1024\" aria-label=\"\" role=\"img\" ><\/div>\n\t\t\t\t\t\t\t\t\t\t\t<div class=\"elementor-gallery-item__overlay\"><\/div>\n\t\t\t\t\t\t\t\t\t\t\t\t\t\t<\/a>\n\t\t\t\t\t\t\t<a class=\"e-gallery-item elementor-gallery-item elementor-animated-content\" href=\"https:\/\/aquaatm.com.tr\/wp-content\/uploads\/2024\/02\/UTF-8WhatsApp20GC3B6rsel202024-01-2720saat2014.41.03_7e89f50d.jpg\" data-elementor-open-lightbox=\"yes\" data-elementor-lightbox-slideshow=\"f870fb2\" data-elementor-lightbox-title=\"UTF-8&#039;&#039;WhatsAppGrsel2024-01-27saat14.41.03_7e89f50d\" data-e-action-hash=\"#elementor-action%3Aaction%3Dlightbox%26settings%3DeyJpZCI6MjYzMTUsInVybCI6Imh0dHBzOlwvXC9hcXVhYXRtLmNvbS50clwvd3AtY29udGVudFwvdXBsb2Fkc1wvMjAyNFwvMDJcL1VURi04V2hhdHNBcHAyMEdDM0I2cnNlbDIwMjAyNC0wMS0yNzIwc2FhdDIwMTQuNDEuMDNfN2U4OWY1MGQuanBnIiwic2xpZGVzaG93IjoiZjg3MGZiMiJ9\">\n\t\t\t\t\t<div class=\"e-gallery-image elementor-gallery-item__image\" data-thumbnail=\"https:\/\/aquaatm.com.tr\/wp-content\/uploads\/2024\/02\/UTF-8WhatsApp20GC3B6rsel202024-01-2720saat2014.41.03_7e89f50d.jpg\" data-width=\"671\" data-height=\"1024\" aria-label=\"\" role=\"img\" ><\/div>\n\t\t\t\t\t\t\t\t\t\t\t<div class=\"elementor-gallery-item__overlay\"><\/div>\n\t\t\t\t\t\t\t\t\t\t\t\t\t\t<\/a>\n\t\t\t\t\t\t\t<a class=\"e-gallery-item elementor-gallery-item elementor-animated-content\" href=\"https:\/\/aquaatm.com.tr\/wp-content\/uploads\/2024\/02\/UTF-8WhatsApp20GC3B6rsel202024-01-2720saat2014.41.03_835bcb95.jpg\" data-elementor-open-lightbox=\"yes\" data-elementor-lightbox-slideshow=\"f870fb2\" data-elementor-lightbox-title=\"UTF-8&#039;&#039;WhatsAppGrsel2024-01-27saat14.41.03_835bcb95\" data-e-action-hash=\"#elementor-action%3Aaction%3Dlightbox%26settings%3DeyJpZCI6MjYzMTYsInVybCI6Imh0dHBzOlwvXC9hcXVhYXRtLmNvbS50clwvd3AtY29udGVudFwvdXBsb2Fkc1wvMjAyNFwvMDJcL1VURi04V2hhdHNBcHAyMEdDM0I2cnNlbDIwMjAyNC0wMS0yNzIwc2FhdDIwMTQuNDEuMDNfODM1YmNiOTUuanBnIiwic2xpZGVzaG93IjoiZjg3MGZiMiJ9\">\n\t\t\t\t\t<div class=\"e-gallery-image elementor-gallery-item__image\" data-thumbnail=\"https:\/\/aquaatm.com.tr\/wp-content\/uploads\/2024\/02\/UTF-8WhatsApp20GC3B6rsel202024-01-2720saat2014.41.03_835bcb95.jpg\" data-width=\"1154\" data-height=\"1600\" aria-label=\"\" role=\"img\" ><\/div>\n\t\t\t\t\t\t\t\t\t\t\t<div class=\"elementor-gallery-item__overlay\"><\/div>\n\t\t\t\t\t\t\t\t\t\t\t\t\t\t<\/a>\n\t\t\t\t\t\t\t<a class=\"e-gallery-item elementor-gallery-item elementor-animated-content\" href=\"https:\/\/aquaatm.com.tr\/wp-content\/uploads\/2024\/02\/Uygunluk-Belgesi-scaled.jpg\" data-elementor-open-lightbox=\"yes\" data-elementor-lightbox-slideshow=\"f870fb2\" data-elementor-lightbox-title=\"Uygunluk Belgesi\" data-e-action-hash=\"#elementor-action%3Aaction%3Dlightbox%26settings%3DeyJpZCI6MjYzMTgsInVybCI6Imh0dHBzOlwvXC9hcXVhYXRtLmNvbS50clwvd3AtY29udGVudFwvdXBsb2Fkc1wvMjAyNFwvMDJcL1V5Z3VubHVrLUJlbGdlc2ktc2NhbGVkLmpwZyIsInNsaWRlc2hvdyI6ImY4NzBmYjIifQ%3D%3D\">\n\t\t\t\t\t<div class=\"e-gallery-image elementor-gallery-item__image\" data-thumbnail=\"https:\/\/aquaatm.com.tr\/wp-content\/uploads\/2024\/02\/Uygunluk-Belgesi-scaled.jpg\" data-width=\"1821\" data-height=\"2560\" aria-label=\"\" role=\"img\" ><\/div>\n\t\t\t\t\t\t\t\t\t\t\t<div class=\"elementor-gallery-item__overlay\"><\/div>\n\t\t\t\t\t\t\t\t\t\t\t\t\t\t<\/a>\n\t\t\t\t\t<\/div>\n\t\t\t<\/div>\n\t\t\t\t<\/div>\n\t\t\t\t\t<\/div>\n\t\t\t\t<\/div>\n\t\t\t\t\t\t\t\t\t<\/div>\n\t\t\t<\/div>\n\t\t\t\t\t<\/div>","protected":false},"excerpt":{"rendered":"<p>Sertifikalar\u0131m\u0131z &amp; \u0130zin Belgelerimiz<\/p>","protected":false},"author":1,"featured_media":0,"parent":0,"menu_order":0,"comment_status":"closed","ping_status":"closed","template":"elementor_header_footer","meta":{"inline_featured_image":false,"_joinchat":[],"footnotes":""},"class_list":["post-26312","page","type-page","status-publish","hentry"],"_links":{"self":[{"href":"https:\/\/aquaatm.com.tr\/en\/wp-json\/wp\/v2\/pages\/26312","targetHints":{"allow":["GET"]}}],"collection":[{"href":"https:\/\/aquaatm.com.tr\/en\/wp-json\/wp\/v2\/pages"}],"about":[{"href":"https:\/\/aquaatm.com.tr\/en\/wp-json\/wp\/v2\/types\/page"}],"author":[{"embeddable":true,"href":"https:\/\/aquaatm.com.tr\/en\/wp-json\/wp\/v2\/users\/1"}],"replies":[{"embeddable":true,"href":"https:\/\/aquaatm.com.tr\/en\/wp-json\/wp\/v2\/comments?post=26312"}],"version-history":[{"count":13,"href":"https:\/\/aquaatm.com.tr\/en\/wp-json\/wp\/v2\/pages\/26312\/revisions"}],"predecessor-version":[{"id":26778,"href":"https:\/\/aquaatm.com.tr\/en\/wp-json\/wp\/v2\/pages\/26312\/revisions\/26778"}],"wp:attachment":[{"href":"https:\/\/aquaatm.com.tr\/en\/wp-json\/wp\/v2\/media?parent=26312"}],"curies":[{"name":"wp","href":"https:\/\/api.w.org\/{rel}","templated":true}]}}