{"id":26459,"date":"2024-02-02T14:49:48","date_gmt":"2024-02-02T11:49:48","guid":{"rendered":"https:\/\/aquaatm.com.tr\/?page_id=26459"},"modified":"2024-08-01T16:10:09","modified_gmt":"2024-08-01T13:10:09","slug":"calisma-prensibi","status":"publish","type":"page","link":"https:\/\/aquaatm.com.tr\/en\/calisma-prensibi\/","title":{"rendered":"\u00c7al\u0131\u015fma Prensibi"},"content":{"rendered":"<div data-elementor-type=\"wp-page\" data-elementor-id=\"26459\" class=\"elementor elementor-26459\" data-elementor-post-type=\"page\">\n\t\t\t\t\t\t<div class=\"elementor-inner\">\n\t\t\t\t<div class=\"elementor-section-wrap\">\n\t\t\t\t\t\t\t<div class=\"elementor-element elementor-element-7cce0cc e-flex e-con-boxed e-con e-parent\" data-id=\"7cce0cc\" data-element_type=\"container\" data-settings=\"{&quot;content_width&quot;:&quot;boxed&quot;}\" data-core-v316-plus=\"true\">\n\t\t\t\t\t<div class=\"e-con-inner\">\n\t\t\t\t<div class=\"elementor-element elementor-element-3796f0e elementor-widget elementor-widget-heading\" data-id=\"3796f0e\" data-element_type=\"widget\" data-widget_type=\"heading.default\">\n\t\t\t\t<div class=\"elementor-widget-container\">\n\t\t\t<style>\/*! elementor - v3.16.0 - 20-09-2023 *\/\n.elementor-heading-title{padding:0;margin:0;line-height:1}.elementor-widget-heading .elementor-heading-title[class*=elementor-size-]>a{color:inherit;font-size:inherit;line-height:inherit}.elementor-widget-heading .elementor-heading-title.elementor-size-small{font-size:15px}.elementor-widget-heading .elementor-heading-title.elementor-size-medium{font-size:19px}.elementor-widget-heading .elementor-heading-title.elementor-size-large{font-size:29px}.elementor-widget-heading .elementor-heading-title.elementor-size-xl{font-size:39px}.elementor-widget-heading .elementor-heading-title.elementor-size-xxl{font-size:59px}<\/style><h1 class=\"elementor-heading-title elementor-size-default\"><b>Aqua ATM \u00c7al\u0131\u015fma Prensibi<\/b><\/h1>\t\t<\/div>\n\t\t\t\t<\/div>\n\t\t\t\t\t<\/div>\n\t\t\t\t<\/div>\n\t\t<div class=\"elementor-element elementor-element-1ac4282 e-flex e-con-boxed e-con e-parent\" data-id=\"1ac4282\" data-element_type=\"container\" data-settings=\"{&quot;content_width&quot;:&quot;boxed&quot;}\" data-core-v316-plus=\"true\">\n\t\t\t\t\t<div class=\"e-con-inner\">\n\t\t<div class=\"elementor-element elementor-element-46fd92d e-con-full e-flex e-con e-child\" data-id=\"46fd92d\" data-element_type=\"container\" data-settings=\"{&quot;content_width&quot;:&quot;full&quot;}\">\n\t\t\t\t<div class=\"elementor-element elementor-element-7a47b31 elementor-widget elementor-widget-image\" data-id=\"7a47b31\" data-element_type=\"widget\" data-widget_type=\"image.default\">\n\t\t\t\t<div class=\"elementor-widget-container\">\n\t\t\t<style>\/*! elementor - v3.16.0 - 20-09-2023 *\/\n.elementor-widget-image{text-align:center}.elementor-widget-image a{display:inline-block}.elementor-widget-image a img[src$=\".svg\"]{width:48px}.elementor-widget-image img{vertical-align:middle;display:inline-block}<\/style>\t\t\t\t\t<div class=\"elementor-image\">\n\t\t\t\t\t\t\t\t\t\t\t\t<img decoding=\"async\" width=\"745\" height=\"1024\" src=\"https:\/\/aquaatm.com.tr\/wp-content\/uploads\/2024\/08\/2-745x1024.png\" class=\"attachment-large size-large wp-image-26722\" alt=\"\" srcset=\"https:\/\/aquaatm.com.tr\/wp-content\/uploads\/2024\/08\/2-745x1024.png 745w, https:\/\/aquaatm.com.tr\/wp-content\/uploads\/2024\/08\/2-218x300.png 218w, https:\/\/aquaatm.com.tr\/wp-content\/uploads\/2024\/08\/2-768x1056.png 768w, https:\/\/aquaatm.com.tr\/wp-content\/uploads\/2024\/08\/2-9x12.png 9w, https:\/\/aquaatm.com.tr\/wp-content\/uploads\/2024\/08\/2.png 1085w\" sizes=\"(max-width: 745px) 100vw, 745px\" \/>\t\t\t\t\t\t\t\t\t\t\t\t\t\t<\/div>\n\t\t\t\t\t\t<\/div>\n\t\t\t\t<\/div>\n\t\t\t\t<\/div>\n\t\t<div class=\"elementor-element elementor-element-fd5b3d4 e-con-full e-flex e-con e-child\" data-id=\"fd5b3d4\" data-element_type=\"container\" data-settings=\"{&quot;content_width&quot;:&quot;full&quot;}\">\n\t\t\t\t<div class=\"elementor-element elementor-element-2e5269d smartic-image-box-style-3 elementor-invisible elementor-widget elementor-widget-smartic-image-box\" data-id=\"2e5269d\" data-element_type=\"widget\" data-settings=\"{&quot;_animation&quot;:&quot;fadeInUp&quot;}\" data-widget_type=\"smartic-image-box.default\">\n\t\t\t\t<div class=\"elementor-widget-container\">\n\t\t\t<div class=\"elementor-image-box-wrapper\"><figure class=\"elementor-image-box-img\"><img decoding=\"async\" width=\"1229\" height=\"1229\" src=\"https:\/\/aquaatm.com.tr\/wp-content\/uploads\/2023\/10\/aqu-atm-icon-yeni-renk-07.png\" class=\"attachment-full size-full wp-image-26693\" alt=\"\" srcset=\"https:\/\/aquaatm.com.tr\/wp-content\/uploads\/2023\/10\/aqu-atm-icon-yeni-renk-07.png 1229w, https:\/\/aquaatm.com.tr\/wp-content\/uploads\/2023\/10\/aqu-atm-icon-yeni-renk-07-300x300.png 300w, https:\/\/aquaatm.com.tr\/wp-content\/uploads\/2023\/10\/aqu-atm-icon-yeni-renk-07-1024x1024.png 1024w, https:\/\/aquaatm.com.tr\/wp-content\/uploads\/2023\/10\/aqu-atm-icon-yeni-renk-07-150x150.png 150w, https:\/\/aquaatm.com.tr\/wp-content\/uploads\/2023\/10\/aqu-atm-icon-yeni-renk-07-768x768.png 768w, https:\/\/aquaatm.com.tr\/wp-content\/uploads\/2023\/10\/aqu-atm-icon-yeni-renk-07-12x12.png 12w\" sizes=\"(max-width: 1229px) 100vw, 1229px\" \/><\/figure><div class=\"elementor-image-box-content\"><p class=\"elementor-image-box-description\">Aqua ATM, damacana dolumu yapan end\u00fcstriyel firmalar\u0131n \u00e7al\u0131\u015fma prensibinin minimalize edilmi\u015f halidir. Damacana dolumu yapan firmalar gibi, Aqua ATM'de de end\u00fcstriyel filtreler ve end\u00fcstriyel membran teknolojisi\u00a0kullan\u0131lm\u0131\u015ft\u0131r.<\/p><\/div><\/div>\t\t<\/div>\n\t\t\t\t<\/div>\n\t\t\t\t<div class=\"elementor-element elementor-element-8008e7d smartic-image-box-style-3 elementor-invisible elementor-widget elementor-widget-smartic-image-box\" data-id=\"8008e7d\" data-element_type=\"widget\" data-settings=\"{&quot;_animation&quot;:&quot;fadeInUp&quot;}\" data-widget_type=\"smartic-image-box.default\">\n\t\t\t\t<div class=\"elementor-widget-container\">\n\t\t\t<div class=\"elementor-image-box-wrapper\"><figure class=\"elementor-image-box-img\"><img decoding=\"async\" width=\"1229\" height=\"1229\" src=\"https:\/\/aquaatm.com.tr\/wp-content\/uploads\/2023\/10\/aqu-atm-icon-yeni-renk-07.png\" class=\"attachment-full size-full wp-image-26693\" alt=\"\" srcset=\"https:\/\/aquaatm.com.tr\/wp-content\/uploads\/2023\/10\/aqu-atm-icon-yeni-renk-07.png 1229w, https:\/\/aquaatm.com.tr\/wp-content\/uploads\/2023\/10\/aqu-atm-icon-yeni-renk-07-300x300.png 300w, https:\/\/aquaatm.com.tr\/wp-content\/uploads\/2023\/10\/aqu-atm-icon-yeni-renk-07-1024x1024.png 1024w, https:\/\/aquaatm.com.tr\/wp-content\/uploads\/2023\/10\/aqu-atm-icon-yeni-renk-07-150x150.png 150w, https:\/\/aquaatm.com.tr\/wp-content\/uploads\/2023\/10\/aqu-atm-icon-yeni-renk-07-768x768.png 768w, https:\/\/aquaatm.com.tr\/wp-content\/uploads\/2023\/10\/aqu-atm-icon-yeni-renk-07-12x12.png 12w\" sizes=\"(max-width: 1229px) 100vw, 1229px\" \/><\/figure><div class=\"elementor-image-box-content\"><p class=\"elementor-image-box-description\">\u015eebeke suyu ilk olarak filtreler sayesinde sudaki tortu, \u00e7amur, kum ve i\u00e7inde bar\u0131nd\u0131rd\u0131\u011f\u0131 klor ve kokulu gazlardan tamamen ar\u0131nd\u0131r\u0131l\u0131r. Son olarak membrana ula\u015farak \u00e7e\u015fitli kimyasal maddelerden, bakteri ve mikroplardan tamamen temizlenerek g\u00fcvenli hale gelir.Temiz su \u00fcretimine b\u00fcy\u00fck katk\u0131 sa\u011flayan membran\u0131m\u0131z, milimetrenin sadece 10 milyonda biri b\u00fcy\u00fckl\u00fc\u011f\u00fcnde g\u00f6zeneklere\u00a0sahiptir.<\/p><\/div><\/div>\t\t<\/div>\n\t\t\t\t<\/div>\n\t\t\t\t<div class=\"elementor-element elementor-element-e7e6e2d smartic-image-box-style-3 elementor-invisible elementor-widget elementor-widget-smartic-image-box\" data-id=\"e7e6e2d\" data-element_type=\"widget\" data-settings=\"{&quot;_animation&quot;:&quot;fadeInUp&quot;}\" data-widget_type=\"smartic-image-box.default\">\n\t\t\t\t<div class=\"elementor-widget-container\">\n\t\t\t<div class=\"elementor-image-box-wrapper\"><figure class=\"elementor-image-box-img\"><img decoding=\"async\" src=\"https:\/\/aquaatm.com.tr\/wp-content\/uploads\/elementor\/thumbs\/aqu-atm-icon-yeni-renk-07-qrx909u79m4rmk69uw0vaimu23f8mluvowhoqq1g40.png\" title=\"aqu atm icon yeni renk-07\" alt=\"aqu atm icon yeni renk-07\" loading=\"lazy\" \/><\/figure><div class=\"elementor-image-box-content\"><p class=\"elementor-image-box-description\">Bu a\u015famadan sonra, membran filtrede tamamen temizlenen su, hava ve \u0131\u015f\u0131k ge\u00e7irmeyen bir tankta muhafaza edilir. Sonras\u0131nda pH ve mineral dengesini sa\u011flayan \u00f6zel \u00fcretim filtreden ge\u00e7irilir ve C vitamini dozajlamas\u0131 yap\u0131l\u0131r. Son olarak, UV filtresinden ge\u00e7irilerek bir kez daha dezenfektasyon i\u015flemi yap\u0131l\u0131r ve doluma haz\u0131r\u00a0hale\u00a0gelir.<\/p><\/div><\/div>\t\t<\/div>\n\t\t\t\t<\/div>\n\t\t\t\t<div class=\"elementor-element elementor-element-8a3047f smartic-image-box-style-3 elementor-invisible elementor-widget elementor-widget-smartic-image-box\" data-id=\"8a3047f\" data-element_type=\"widget\" data-settings=\"{&quot;_animation&quot;:&quot;fadeInUp&quot;}\" data-widget_type=\"smartic-image-box.default\">\n\t\t\t\t<div class=\"elementor-widget-container\">\n\t\t\t<div class=\"elementor-image-box-wrapper\"><figure class=\"elementor-image-box-img\"><img decoding=\"async\" width=\"1229\" height=\"1229\" src=\"https:\/\/aquaatm.com.tr\/wp-content\/uploads\/2023\/10\/aqu-atm-icon-yeni-renk-07.png\" class=\"attachment-full size-full wp-image-26693\" alt=\"\" srcset=\"https:\/\/aquaatm.com.tr\/wp-content\/uploads\/2023\/10\/aqu-atm-icon-yeni-renk-07.png 1229w, https:\/\/aquaatm.com.tr\/wp-content\/uploads\/2023\/10\/aqu-atm-icon-yeni-renk-07-300x300.png 300w, https:\/\/aquaatm.com.tr\/wp-content\/uploads\/2023\/10\/aqu-atm-icon-yeni-renk-07-1024x1024.png 1024w, https:\/\/aquaatm.com.tr\/wp-content\/uploads\/2023\/10\/aqu-atm-icon-yeni-renk-07-150x150.png 150w, https:\/\/aquaatm.com.tr\/wp-content\/uploads\/2023\/10\/aqu-atm-icon-yeni-renk-07-768x768.png 768w, https:\/\/aquaatm.com.tr\/wp-content\/uploads\/2023\/10\/aqu-atm-icon-yeni-renk-07-12x12.png 12w\" sizes=\"(max-width: 1229px) 100vw, 1229px\" \/><\/figure><div class=\"elementor-image-box-content\"><p class=\"elementor-image-box-description\">M\u00fc\u015fteri, \u015fi\u015fesini damacana \u00fcnitesine yerle\u015ftirip kapa\u011f\u0131 kapatt\u0131ktan sonra \u00f6deme yap\u0131p, litre se\u00e7imini yapar. Ard\u0131ndan, ilk olarak damacana \u00fcnitesi i\u00e7erisindeki bo\u015f \u015fi\u015fe ile birlikte ozon sayesinde dezenfekte edilir ve dolum i\u015flemi ba\u015flar. B\u00f6ylece m\u00fc\u015fteriniz pH de\u011feri 8-8,5 olan C vitamini ile zenginle\u015ftirilmi\u015f sa\u011fl\u0131kl\u0131 suya\u00a0ula\u015fm\u0131\u015f\u00a0olur.<\/p><\/div><\/div>\t\t<\/div>\n\t\t\t\t<\/div>\n\t\t\t\t<\/div>\n\t\t\t\t\t<\/div>\n\t\t\t\t<\/div>\n\t\t<div class=\"elementor-element elementor-element-a776f6c e-flex e-con-boxed e-con e-parent\" data-id=\"a776f6c\" data-element_type=\"container\" data-settings=\"{&quot;content_width&quot;:&quot;boxed&quot;}\" data-core-v316-plus=\"true\">\n\t\t\t\t\t<div class=\"e-con-inner\">\n\t\t\t\t<div class=\"elementor-element elementor-element-b309720 elementor-widget elementor-widget-heading\" data-id=\"b309720\" data-element_type=\"widget\" data-widget_type=\"heading.default\">\n\t\t\t\t<div class=\"elementor-widget-container\">\n\t\t\t<h3 class=\"elementor-heading-title elementor-size-default\"><b>AQUA ATM\u2019nin g\u00fcnl\u00fck 8000 litre C Vitaminli su \u00fcretim kapasitesi bulunmaktad\u0131r. Bu da  421 adet damacanaya ya da 1600 adet 5 litrelik suya denk gelmektedir.<\/b><\/h3>\t\t<\/div>\n\t\t\t\t<\/div>\n\t\t\t\t\t<\/div>\n\t\t\t\t<\/div>\n\t\t\t\t\t\t\t\t\t<\/div>\n\t\t\t<\/div>\n\t\t\t\t\t<\/div>","protected":false},"excerpt":{"rendered":"<p>Aqua ATM \u00c7al\u0131\u015fma Prensibi Aqua ATM, damacana dolumu yapan end\u00fcstriyel firmalar\u0131n \u00e7al\u0131\u015fma prensibinin minimalize edilmi\u015f halidir. Damacana dolumu yapan firmalar gibi, Aqua ATM&#8217;de de end\u00fcstriyel filtreler ve end\u00fcstriyel membran teknolojisi\u00a0kullan\u0131lm\u0131\u015ft\u0131r. \u015eebeke suyu ilk olarak filtreler sayesinde sudaki tortu, \u00e7amur, kum ve i\u00e7inde bar\u0131nd\u0131rd\u0131\u011f\u0131 klor ve kokulu gazlardan tamamen ar\u0131nd\u0131r\u0131l\u0131r. Son olarak membrana ula\u015farak \u00e7e\u015fitli kimyasal [&hellip;]<\/p>","protected":false},"author":1,"featured_media":0,"parent":0,"menu_order":0,"comment_status":"closed","ping_status":"closed","template":"elementor_header_footer","meta":{"inline_featured_image":false,"_joinchat":[],"footnotes":""},"class_list":["post-26459","page","type-page","status-publish","hentry"],"_links":{"self":[{"href":"https:\/\/aquaatm.com.tr\/en\/wp-json\/wp\/v2\/pages\/26459","targetHints":{"allow":["GET"]}}],"collection":[{"href":"https:\/\/aquaatm.com.tr\/en\/wp-json\/wp\/v2\/pages"}],"about":[{"href":"https:\/\/aquaatm.com.tr\/en\/wp-json\/wp\/v2\/types\/page"}],"author":[{"embeddable":true,"href":"https:\/\/aquaatm.com.tr\/en\/wp-json\/wp\/v2\/users\/1"}],"replies":[{"embeddable":true,"href":"https:\/\/aquaatm.com.tr\/en\/wp-json\/wp\/v2\/comments?post=26459"}],"version-history":[{"count":25,"href":"https:\/\/aquaatm.com.tr\/en\/wp-json\/wp\/v2\/pages\/26459\/revisions"}],"predecessor-version":[{"id":26800,"href":"https:\/\/aquaatm.com.tr\/en\/wp-json\/wp\/v2\/pages\/26459\/revisions\/26800"}],"wp:attachment":[{"href":"https:\/\/aquaatm.com.tr\/en\/wp-json\/wp\/v2\/media?parent=26459"}],"curies":[{"name":"wp","href":"https:\/\/api.w.org\/{rel}","templated":true}]}}