{"id":26502,"date":"2024-03-04T17:01:16","date_gmt":"2024-03-04T14:01:16","guid":{"rendered":"https:\/\/aquaatm.com.tr\/?page_id=26502"},"modified":"2024-03-04T17:07:07","modified_gmt":"2024-03-04T14:07:07","slug":"gurpinar","status":"publish","type":"page","link":"https:\/\/aquaatm.com.tr\/en\/gurpinar\/","title":{"rendered":"G\u00fcrpinar Aquaatm"},"content":{"rendered":"<div data-elementor-type=\"wp-page\" data-elementor-id=\"26502\" class=\"elementor elementor-26502\" data-elementor-post-type=\"page\">\n\t\t\t\t\t\t<div class=\"elementor-inner\">\n\t\t\t\t<div class=\"elementor-section-wrap\">\n\t\t\t\t\t\t\t\t\t<div class=\"elementor-section elementor-top-section elementor-element elementor-element-3121f2f elementor-section-stretched elementor-section-boxed elementor-section-height-default elementor-section-height-default\" data-id=\"3121f2f\" data-element_type=\"section\" id=\"teknik-ozellikler\" data-settings=\"{&quot;stretch_section&quot;:&quot;section-stretched&quot;}\">\n\t\t\t\t\t\t<div class=\"elementor-container elementor-column-gap-no\">\n\t\t\t\t\t\t\t<div class=\"elementor-row\">\n\t\t\t\t\t<div class=\"elementor-column elementor-col-100 elementor-top-column elementor-element elementor-element-ca1a133\" data-id=\"ca1a133\" data-element_type=\"column\">\n\t\t\t<div class=\"elementor-column-wrap elementor-element-populated\">\n\t\t\t\t\t\t\t<div class=\"elementor-widget-wrap\">\n\t\t\t\t\t\t<div class=\"elementor-element elementor-element-6ad28b2 elementor-widget elementor-widget-heading\" data-id=\"6ad28b2\" data-element_type=\"widget\" data-widget_type=\"heading.default\">\n\t\t\t\t<div class=\"elementor-widget-container\">\n\t\t\t<style>\/*! elementor - v3.16.0 - 20-09-2023 *\/\n.elementor-heading-title{padding:0;margin:0;line-height:1}.elementor-widget-heading .elementor-heading-title[class*=elementor-size-]>a{color:inherit;font-size:inherit;line-height:inherit}.elementor-widget-heading .elementor-heading-title.elementor-size-small{font-size:15px}.elementor-widget-heading .elementor-heading-title.elementor-size-medium{font-size:19px}.elementor-widget-heading .elementor-heading-title.elementor-size-large{font-size:29px}.elementor-widget-heading .elementor-heading-title.elementor-size-xl{font-size:39px}.elementor-widget-heading .elementor-heading-title.elementor-size-xxl{font-size:59px}<\/style><h2 class=\"elementor-heading-title elementor-size-default\">G\u00fcrp\u0131nar Su Ar\u0131tma Sistemleri<\/h2>\t\t<\/div>\n\t\t\t\t<\/div>\n\t\t\t\t<div class=\"elementor-section elementor-inner-section elementor-element elementor-element-75010ba elementor-section-boxed elementor-section-height-default elementor-section-height-default\" data-id=\"75010ba\" data-element_type=\"section\">\n\t\t\t\t\t\t<div class=\"elementor-container elementor-column-gap-no\">\n\t\t\t\t\t\t\t<div class=\"elementor-row\">\n\t\t\t\t\t<div class=\"elementor-column elementor-col-50 elementor-inner-column elementor-element elementor-element-c7efa5b\" data-id=\"c7efa5b\" data-element_type=\"column\">\n\t\t\t<div class=\"elementor-column-wrap elementor-element-populated\">\n\t\t\t\t\t\t\t<div class=\"elementor-widget-wrap\">\n\t\t\t\t\t\t<div class=\"elementor-element elementor-element-6b5b3db elementor-widget elementor-widget-image\" data-id=\"6b5b3db\" data-element_type=\"widget\" data-widget_type=\"image.default\">\n\t\t\t\t<div class=\"elementor-widget-container\">\n\t\t\t<style>\/*! elementor - v3.16.0 - 20-09-2023 *\/\n.elementor-widget-image{text-align:center}.elementor-widget-image a{display:inline-block}.elementor-widget-image a img[src$=\".svg\"]{width:48px}.elementor-widget-image img{vertical-align:middle;display:inline-block}<\/style>\t\t\t\t\t<div class=\"elementor-image\">\n\t\t\t\t\t\t\t\t\t\t\t\t<img decoding=\"async\" width=\"1000\" height=\"1463\" src=\"https:\/\/aquaatm.com.tr\/wp-content\/uploads\/2023\/10\/5-min.png\" class=\"attachment-full size-full wp-image-26026\" alt=\"\" srcset=\"https:\/\/aquaatm.com.tr\/wp-content\/uploads\/2023\/10\/5-min.png 1000w, https:\/\/aquaatm.com.tr\/wp-content\/uploads\/2023\/10\/5-min-205x300.png 205w, https:\/\/aquaatm.com.tr\/wp-content\/uploads\/2023\/10\/5-min-700x1024.png 700w, https:\/\/aquaatm.com.tr\/wp-content\/uploads\/2023\/10\/5-min-768x1124.png 768w\" sizes=\"(max-width: 1000px) 100vw, 1000px\" \/>\t\t\t\t\t\t\t\t\t\t\t\t\t\t<\/div>\n\t\t\t\t\t\t<\/div>\n\t\t\t\t<\/div>\n\t\t\t\t\t\t<\/div>\n\t\t\t\t\t<\/div>\n\t\t<\/div>\n\t\t\t\t<div class=\"elementor-column elementor-col-50 elementor-inner-column elementor-element elementor-element-3349993\" data-id=\"3349993\" data-element_type=\"column\">\n\t\t\t<div class=\"elementor-column-wrap elementor-element-populated\">\n\t\t\t\t\t\t\t<div class=\"elementor-widget-wrap\">\n\t\t\t\t\t\t<div class=\"elementor-element elementor-element-02acc43 elementor-widget elementor-widget-smartic-infomation-table\" data-id=\"02acc43\" data-element_type=\"widget\" data-widget_type=\"smartic-infomation-table.default\">\n\t\t\t\t<div class=\"elementor-widget-container\">\n\t\t\t        <div class=\"smartic-infomation-table-wrapper scrollbar-external_wrapper\">\n            <div class=\"scrollbar-external\">\n                <table>\n                    <tbody>\n                                            <tr>\n                            <th>G\u00fcrp\u0131nar Su Ar\u0131tma Sistemleri<\/th><td><span class=\"title-mobile\">G\u00fcrp\u0131nar Su Ar\u0131tma Sistemleri<\/span><p>Gurpinar<\/p><\/td>                        <\/tr>\n                                            <tr>\n                            <th>Address<\/th><td><span class=\"title-mobile\">Address<\/span><p>Kemalpa\u015fa Mahallesi P\u0131nar Caddesi No:27\/A BORNOVA &#8211; \u0130ZM\u0130R<\/p><\/td>                        <\/tr>\n                                            <tr>\n                            <th>Telephone<\/th><td><span class=\"title-mobile\">Telephone<\/span><p>0 534 435 34 96<\/p><\/td>                        <\/tr>\n                                        <\/tbody>\n                <\/table>\n            <\/div>\n                        <div class=\"external-scroll_y\">\n                <div class=\"scroll-element_outer\">\n                    <div class=\"scroll-element_size\"><\/div>\n                    <div class=\"scroll-element_track\"><\/div>\n                    <div class=\"scroll-bar\"><\/div>\n                <\/div>\n            <\/div>\n        <\/div>\n        \t\t<\/div>\n\t\t\t\t<\/div>\n\t\t\t\t\t\t<\/div>\n\t\t\t\t\t<\/div>\n\t\t<\/div>\n\t\t\t\t\t\t\t\t<\/div>\n\t\t\t\t\t<\/div>\n\t\t<\/div>\n\t\t\t\t\t\t<\/div>\n\t\t\t\t\t<\/div>\n\t\t<\/div>\n\t\t\t\t\t\t\t\t<\/div>\n\t\t\t\t\t<\/div>\n\t\t<\/div>\n\t\t\t\t\t\t\t\t\t<\/div>\n\t\t\t<\/div>\n\t\t\t\t\t<\/div>","protected":false},"excerpt":{"rendered":"<p>G\u00fcrp\u0131nar Su Ar\u0131tma Sistemleri G\u00fcrp\u0131nar Su Ar\u0131tma Sistemleri G\u00fcrp\u0131nar Su Ar\u0131tma Sistemleri Gurpinar Adres Adres Kemalpa\u015fa Mahallesi P\u0131nar Caddesi No:27\/A BORNOVA &#8211; \u0130ZM\u0130R Telefon Telefon 0 534 435 34 96<\/p>","protected":false},"author":1,"featured_media":0,"parent":0,"menu_order":0,"comment_status":"closed","ping_status":"closed","template":"template-homepage.php","meta":{"inline_featured_image":false,"_joinchat":[],"footnotes":""},"class_list":["post-26502","page","type-page","status-publish","hentry"],"_links":{"self":[{"href":"https:\/\/aquaatm.com.tr\/en\/wp-json\/wp\/v2\/pages\/26502","targetHints":{"allow":["GET"]}}],"collection":[{"href":"https:\/\/aquaatm.com.tr\/en\/wp-json\/wp\/v2\/pages"}],"about":[{"href":"https:\/\/aquaatm.com.tr\/en\/wp-json\/wp\/v2\/types\/page"}],"author":[{"embeddable":true,"href":"https:\/\/aquaatm.com.tr\/en\/wp-json\/wp\/v2\/users\/1"}],"replies":[{"embeddable":true,"href":"https:\/\/aquaatm.com.tr\/en\/wp-json\/wp\/v2\/comments?post=26502"}],"version-history":[{"count":8,"href":"https:\/\/aquaatm.com.tr\/en\/wp-json\/wp\/v2\/pages\/26502\/revisions"}],"predecessor-version":[{"id":26510,"href":"https:\/\/aquaatm.com.tr\/en\/wp-json\/wp\/v2\/pages\/26502\/revisions\/26510"}],"wp:attachment":[{"href":"https:\/\/aquaatm.com.tr\/en\/wp-json\/wp\/v2\/media?parent=26502"}],"curies":[{"name":"wp","href":"https:\/\/api.w.org\/{rel}","templated":true}]}}